{"id":45,"date":"2020-11-21T16:46:04","date_gmt":"2020-11-21T16:46:04","guid":{"rendered":"http:\/\/gabykappes.de\/?page_id=45"},"modified":"2020-11-21T18:12:23","modified_gmt":"2020-11-21T18:12:23","slug":"ueber-mich","status":"publish","type":"page","link":"https:\/\/gabykappes.de\/?page_id=45","title":{"rendered":"\u00dcber Mich"},"content":{"rendered":"\n<p>Mein Name ist Gaby Kappes. Ich bin Musikerin und S\u00e4ngerin aus Leidenschaft. Seit 2001 f\u00fchre ich meine eigene Musikschule in Bernkastel-Wehlen. <\/p>\n\n\n\n<p>Hier biete ich in meinem Unterrichtsraum Instrumental- und Gesangunterricht f\u00fcr alle Altersgruppen an. <\/p>\n\n\n\n<p>Au\u00dferdem singe ich auch auf Ihrer Veranstaltung, egal ob Hochzeit, Taufe, Trauerfeier oder sonstige Anl\u00e4sse. Aufnahmen von mir finden Sie auf meinem <a rel=\"noreferrer noopener\" href=\"https:\/\/www.youtube.com\/channel\/UCBpAhEUqIuXWQeZ6rGpqL3w\" data-type=\"URL\" data-id=\"https:\/\/www.youtube.com\/channel\/UCBpAhEUqIuXWQeZ6rGpqL3w\" target=\"_blank\">YouTube Kanal<\/a>. Bei Interesse sprechen Sie mich bitte einfach an!<\/p>\n\n\n\n<figure class=\"wp-block-image size-large is-resized\"><img loading=\"lazy\" decoding=\"async\" src=\"http:\/\/gabykappes.de\/wp-content\/uploads\/2020\/11\/MG_8230-scaled.jpg\" alt=\"\" class=\"wp-image-48\" width=\"580\" height=\"386\" srcset=\"https:\/\/gabykappes.de\/wp-content\/uploads\/2020\/11\/MG_8230-scaled.jpg 2560w, https:\/\/gabykappes.de\/wp-content\/uploads\/2020\/11\/MG_8230-632x421.jpg 632w, https:\/\/gabykappes.de\/wp-content\/uploads\/2020\/11\/MG_8230-768x512.jpg 768w, https:\/\/gabykappes.de\/wp-content\/uploads\/2020\/11\/MG_8230-2048x1365.jpg 2048w\" sizes=\"auto, (max-width: 580px) 100vw, 580px\" \/><\/figure>\n\n\n\n<p>Urspr\u00fcnglich ausgebildet an der Klarinette, kamen mit der Zeit autodidaktisch das Saxophon, die Querfl\u00f6te und die Blockfl\u00f6te dazu. Eine Ausbildung zur Dirigentin schloss sich an. Im Blasorchesterbereich war ich viele Jahre als Dirigentin von Jugend- und Blasorchester t\u00e4tig.<\/p>\n\n\n\n<p>Meine Stimmausbildung absolvierte ich bei mehreren Gesangp\u00e4dagogen\/innen. Auch nahm ich an mehreren Jazzworkshops teil. U.a. bei Nicole Metzger, Deutschland. Klassischen Operngesang belegte ich schlie\u00dflich bei der international bekannten Operns\u00e4ngerin Wiebke Goetges aus Amsterdam, die mich auch an die Gesangp\u00e4dagogik f\u00fchrte.<\/p>\n\n\n\n<p>Ich habe in den vergangenen Jahren in verschiedenen Ensembles und Bands gesungen. Heute bin ich als Solistin t\u00e4tig.<\/p>\n\n\n\n<p>Ich liebe gute Musik und finde sie unerl\u00e4sslich f\u00fcr unsere Kultur. Dabei bin ich offen f\u00fcr die verschiedenen Musikrichtungen.<\/p>\n\n\n\n<p>Musik ist eine Sprache die, \u00fcber Grenzen und Sprachbarrieren hinweg, auf der ganzen Welt verstanden wird. Sie f\u00fchrt die Menschen zusammen und verbindet sie. Sie l\u00e4sst uns den Alltag vergessen und Freude erleben. Sie dr\u00fcckt Freude, Gl\u00fcck und Leid aus.<\/p>\n\n\n\n<p><\/p>\n\n\n\n<p class=\"has-text-align-center\"><em>Music was my first love <\/em><br><em>and it will be my last<\/em><br><br><em>John Miles<\/em><\/p>\n","protected":false},"excerpt":{"rendered":"<div class=\"entry-summary\">\nMein Name ist Gaby Kappes. Ich bin Musikerin und S\u00e4ngerin aus Leidenschaft.&hellip;\n<\/div>\n<div class=\"link-more\"><a href=\"https:\/\/gabykappes.de\/?page_id=45\" class=\"more-link\">Continue reading<span class=\"screen-reader-text\"> &ldquo;\u00dcber Mich&rdquo;<\/span>&hellip;<\/a><\/div>\n","protected":false},"author":1,"featured_media":0,"parent":0,"menu_order":0,"comment_status":"closed","ping_status":"closed","template":"","meta":{"footnotes":""},"class_list":["post-45","page","type-page","status-publish","hentry","entry"],"_links":{"self":[{"href":"https:\/\/gabykappes.de\/index.php?rest_route=\/wp\/v2\/pages\/45","targetHints":{"allow":["GET"]}}],"collection":[{"href":"https:\/\/gabykappes.de\/index.php?rest_route=\/wp\/v2\/pages"}],"about":[{"href":"https:\/\/gabykappes.de\/index.php?rest_route=\/wp\/v2\/types\/page"}],"author":[{"embeddable":true,"href":"https:\/\/gabykappes.de\/index.php?rest_route=\/wp\/v2\/users\/1"}],"replies":[{"embeddable":true,"href":"https:\/\/gabykappes.de\/index.php?rest_route=%2Fwp%2Fv2%2Fcomments&post=45"}],"version-history":[{"count":5,"href":"https:\/\/gabykappes.de\/index.php?rest_route=\/wp\/v2\/pages\/45\/revisions"}],"predecessor-version":[{"id":61,"href":"https:\/\/gabykappes.de\/index.php?rest_route=\/wp\/v2\/pages\/45\/revisions\/61"}],"wp:attachment":[{"href":"https:\/\/gabykappes.de\/index.php?rest_route=%2Fwp%2Fv2%2Fmedia&parent=45"}],"curies":[{"name":"wp","href":"https:\/\/api.w.org\/{rel}","templated":true}]}}