{"id":43,"date":"2020-11-21T16:42:51","date_gmt":"2020-11-21T16:42:51","guid":{"rendered":"http:\/\/gabykappes.de\/?page_id=43"},"modified":"2020-11-21T16:42:51","modified_gmt":"2020-11-21T16:42:51","slug":"instrumentalunterricht","status":"publish","type":"page","link":"https:\/\/gabykappes.de\/?page_id=43","title":{"rendered":"Instrumentalunterricht"},"content":{"rendered":"\n<p>Unterricht f\u00fcr alle Altersgruppen an folgenden Holzblasinstrumenten:<\/p>\n\n\n\n<ul class=\"wp-block-list\"><li>Klarinette<\/li><li>Saxophon<\/li><li>Querfl\u00f6te<\/li><li>Blockfl\u00f6te<\/li><\/ul>\n\n\n\n<p>Der Unterricht findet in meinem Unterrichtsraum in Bernkastel-Wehlen statt. Alternativ, gerade jetzt w\u00e4hrend der Covid-19- Pandemie, besteht auch die M\u00f6glichkeit online per Webcam \u00fcber Skype\/Zoom.<\/p>\n\n\n\n<p>Die Unterrichtsgeb\u00fchren erfahren Sie bei Nachfrage.<\/p>\n\n\n\n<p>Unterrichtseinheiten:<\/p>\n\n\n\n<ul class=\"wp-block-list\"><li>30 Min. Einzelunterricht<\/li><li>45 Min. Einzelunterricht<\/li><li>60 Min. Einzelunterricht<\/li><li>30 Min. Gruppenunterricht zu zweit (Nur Blockfl\u00f6te) <\/li><\/ul>\n\n\n\n<p>Unterrichtsinhalte:<\/p>\n\n\n\n<ul class=\"wp-block-list\"><li>Haltung<\/li><li>Atmung<\/li><li>Ansatz<\/li><li>Tonbildung \/ Intonation<\/li><li>Artikulation \/ Rhythmus<\/li><li>Notenlesen und Musiktheorie<\/li><li>Interpretation<\/li><\/ul>\n","protected":false},"excerpt":{"rendered":"<div class=\"entry-summary\">\nUnterricht f\u00fcr alle Altersgruppen an folgenden Holzblasinstrumenten: Klarinette Saxophon Querfl\u00f6te Blockfl\u00f6te Der&hellip;\n<\/div>\n<div class=\"link-more\"><a href=\"https:\/\/gabykappes.de\/?page_id=43\" class=\"more-link\">Continue reading<span class=\"screen-reader-text\"> &ldquo;Instrumentalunterricht&rdquo;<\/span>&hellip;<\/a><\/div>\n","protected":false},"author":1,"featured_media":0,"parent":0,"menu_order":0,"comment_status":"closed","ping_status":"closed","template":"","meta":{"footnotes":""},"class_list":["post-43","page","type-page","status-publish","hentry","entry"],"_links":{"self":[{"href":"https:\/\/gabykappes.de\/index.php?rest_route=\/wp\/v2\/pages\/43","targetHints":{"allow":["GET"]}}],"collection":[{"href":"https:\/\/gabykappes.de\/index.php?rest_route=\/wp\/v2\/pages"}],"about":[{"href":"https:\/\/gabykappes.de\/index.php?rest_route=\/wp\/v2\/types\/page"}],"author":[{"embeddable":true,"href":"https:\/\/gabykappes.de\/index.php?rest_route=\/wp\/v2\/users\/1"}],"replies":[{"embeddable":true,"href":"https:\/\/gabykappes.de\/index.php?rest_route=%2Fwp%2Fv2%2Fcomments&post=43"}],"version-history":[{"count":1,"href":"https:\/\/gabykappes.de\/index.php?rest_route=\/wp\/v2\/pages\/43\/revisions"}],"predecessor-version":[{"id":44,"href":"https:\/\/gabykappes.de\/index.php?rest_route=\/wp\/v2\/pages\/43\/revisions\/44"}],"wp:attachment":[{"href":"https:\/\/gabykappes.de\/index.php?rest_route=%2Fwp%2Fv2%2Fmedia&parent=43"}],"curies":[{"name":"wp","href":"https:\/\/api.w.org\/{rel}","templated":true}]}}